{"id":1696,"date":"2019-05-04T00:46:13","date_gmt":"2019-05-03T22:46:13","guid":{"rendered":"http:\/\/cebi-es.com\/web\/?page_id=1696"},"modified":"2024-10-23T22:44:32","modified_gmt":"2024-10-23T20:44:32","slug":"hazte-socio","status":"publish","type":"page","link":"https:\/\/cebi-es.com\/web\/hazte-socio\/","title":{"rendered":"Hazte Socio"},"content":{"rendered":"<div data-row-text-color=\"dark\" style=\" \" class=\"vc_row wpb_row zolo_wpb_row vc_row-fluid apress_row_class_65217468269e170b94f21e\"><div class=\"wpb_column vc_column_container vc_col-sm-12 apress_col_id_96477556369e170b94f95f hover_style_none\"><div class=\"layer vc_column-inner \"  ><div class=\"wpb_wrapper\"><div id=\"zolo_sep_5514897869e170b94fb9b\" class=\"vc_separator wpb_content_element vc_separator_align_center vc_sep_width_70 vc_sep_border vc_sep_border_width_2 vc_sep_pos_align_center noanimation\" data-animation = \"No Animation\" data-delay = \"500\" ><span class=\"vc_sep_holder vc_sep_holder_l\"><span style=\"border-color:#701f6e\" class=\"vc_sep_line\"><\/span><\/span><h2 class=\"zolo-separator-title \" style=\"font-family:Arbutus Slab; font-weight:400; font-style:normal; font-size: 25px; color:#99017a; letter-spacing: 2px; font-style:italic; font-weight:bold; \">HAZTE SOCIO<\/h2><span class=\"vc_sep_holder vc_sep_holder_r\"><span style=\"border-color:#701f6e\" class=\"vc_sep_line\"><\/span><\/span>\r\n<\/div><\/div><\/div><\/div><\/div><div data-row-text-color=\"dark\" style=\" \" class=\"vc_row wpb_row zolo_wpb_row vc_row-fluid apress_row_class_198036542669e170b950df0\"><div class=\"wpb_column vc_column_container vc_col-sm-12 apress_col_id_148016386969e170b95110f hover_style_none\"><div class=\"layer vc_column-inner \"  ><div class=\"wpb_wrapper\"><div class=\"woocommerce\">\t\t\t<div class=\"single-product\" data-product-page-preselected-id=\"0\">\n\t\t\t\t<div id=\"product-2501\" class=\"post-2501 product type-product status-publish has-post-thumbnail hentry product_cat-socio wcpa_has_options\">\r\n\r\n\t\r\n    <div class=\"product_image_wrap\">\r\n\t\t<\/div>\r\n    \r\n\t<div class=\"summary entry-summary\">\r\n\t\t<span class=\"product_compare_button\" title=\"Compare\"><a href=\"https:\/\/cebi-es.com\/web?action=yith-woocompare-add-product&id=2501\" class=\"compare no_djax button\" data-product_id=\"2501\" rel=\"nofollow\"><span class=\"wc_tooltip\">Compare<\/span><\/a><\/span>\t<\/div>\r\n\t\r\n\t    \r\n<\/div>\r\n\r\n\t\t\t<\/div>\n\t\t\t<\/div>\n\t<div  class=\"wpb_single_image wpb_content_element vc_align_center\">\n\t\t\n\t\t<figure class=\"wpb_wrapper vc_figure\">\n\t\t\t<div class=\"vc_single_image-wrapper   vc_box_border_grey\"><img width=\"494\" height=\"265\" src=\"https:\/\/cebi-es.com\/web\/wp-content\/uploads\/2024\/10\/Forma-de-pago.jpg\" class=\"vc_single_image-img attachment-full\" alt=\"\" loading=\"lazy\" srcset=\"https:\/\/cebi-es.com\/web\/wp-content\/uploads\/2024\/10\/Forma-de-pago.jpg 494w, https:\/\/cebi-es.com\/web\/wp-content\/uploads\/2024\/10\/Forma-de-pago-300x161.jpg 300w, https:\/\/cebi-es.com\/web\/wp-content\/uploads\/2024\/10\/Forma-de-pago-18x10.jpg 18w\" sizes=\"(max-width: 494px) 100vw, 494px\" \/><\/div>\n\t\t<\/figure>\n\t<\/div>\n<\/div><\/div><\/div><\/div>\n","protected":false},"excerpt":{"rendered":"Para asociarte al Club Espa\u00f1ol del Bulldog Ingl\u00e9s, debes hacer una transferencia al n\u00famero de cuenta o ingreso por Paypal o Tarjeta. IBAN:\u00a0ES63 2100 2428 5702 0013 9219. &nbsp; (30\u20ac Socio Unitario, 40\u20ac Socios Familiares) y enviar un email a<span class=\"read_more_area\"><a class=\"read-more\" href=\"https:\/\/cebi-es.com\/web\/product\/nuevo-socio\/\"> Continue Reading <\/a><\/span>","protected":false},"author":1,"featured_media":0,"parent":0,"menu_order":0,"comment_status":"closed","ping_status":"closed","template":"","meta":[],"_links":{"self":[{"href":"https:\/\/cebi-es.com\/web\/wp-json\/wp\/v2\/pages\/1696"}],"collection":[{"href":"https:\/\/cebi-es.com\/web\/wp-json\/wp\/v2\/pages"}],"about":[{"href":"https:\/\/cebi-es.com\/web\/wp-json\/wp\/v2\/types\/page"}],"author":[{"embeddable":true,"href":"https:\/\/cebi-es.com\/web\/wp-json\/wp\/v2\/users\/1"}],"replies":[{"embeddable":true,"href":"https:\/\/cebi-es.com\/web\/wp-json\/wp\/v2\/comments?post=1696"}],"version-history":[{"count":8,"href":"https:\/\/cebi-es.com\/web\/wp-json\/wp\/v2\/pages\/1696\/revisions"}],"predecessor-version":[{"id":4392,"href":"https:\/\/cebi-es.com\/web\/wp-json\/wp\/v2\/pages\/1696\/revisions\/4392"}],"wp:attachment":[{"href":"https:\/\/cebi-es.com\/web\/wp-json\/wp\/v2\/media?parent=1696"}],"curies":[{"name":"wp","href":"https:\/\/api.w.org\/{rel}","templated":true}]}}