{"id":4489,"date":"2024-10-29T16:37:25","date_gmt":"2024-10-29T15:37:25","guid":{"rendered":"https:\/\/cebi-es.com\/web\/?page_id=4489"},"modified":"2026-01-12T20:20:19","modified_gmt":"2026-01-12T19:20:19","slug":"proximos-eventos","status":"publish","type":"page","link":"http:\/\/cebi-es.com\/web\/proximos-eventos\/","title":{"rendered":"Pr\u00f3ximos Eventos"},"content":{"rendered":"<div data-row-text-color=\"dark\" style=\" \" class=\"vc_row wpb_row zolo_wpb_row vc_row-fluid apress_row_class_189964573069e955e3cf282\"><div class=\"wpb_column vc_column_container vc_col-sm-12 apress_col_id_191046159569e955e3cfb5a hover_style_none\"><div class=\"layer vc_column-inner \"  ><div class=\"wpb_wrapper\"><div id=\"zolo_sep_186044722569e955e3cfd94\" class=\"vc_separator wpb_content_element vc_separator_align_center vc_sep_width_70 vc_sep_border vc_sep_border_width_2 vc_sep_pos_align_center noanimation\" data-animation = \"No Animation\" data-delay = \"500\" ><span class=\"vc_sep_holder vc_sep_holder_l\"><span style=\"border-color:#701f6e\" class=\"vc_sep_line\"><\/span><\/span><h2 class=\"zolo-separator-title \" style=\"font-family:Arbutus Slab; font-weight:400; font-style:normal; font-size: 25px; color:#99017a; letter-spacing: 2px; font-style:italic; font-weight:bold; \">Pr\u00f3ximos Eventos<\/h2><span class=\"vc_sep_holder vc_sep_holder_r\"><span style=\"border-color:#701f6e\" class=\"vc_sep_line\"><\/span><\/span>\r\n<\/div><\/div><\/div><\/div><\/div><div data-row-text-color=\"dark\" style=\" \" class=\"vc_row wpb_row zolo_wpb_row vc_row-fluid apress_row_class_200779532469e955e3d1564\"><div class=\"wpb_column vc_column_container vc_col-sm-12 apress_col_id_73407678769e955e3d17c0 hover_style_none\"><div class=\"layer vc_column-inner \"  ><div class=\"wpb_wrapper\">\n\t<div  class=\"wpb_single_image wpb_content_element vc_align_center\">\n\t\t\n\t\t<figure class=\"wpb_wrapper vc_figure\">\n\t\t\t<a data-rel=\"prettyPhoto[rel-4489-1508238923]\" href=\"http:\/\/cebi-es.com\/web\/wp-content\/uploads\/2026\/01\/NAcionalCebi-1024x561.jpeg\" target=\"_self\" class=\"vc_single_image-wrapper   vc_box_border_grey prettyphoto\"><img width=\"2048\" height=\"1122\" src=\"http:\/\/cebi-es.com\/web\/wp-content\/uploads\/2026\/01\/NAcionalCebi.jpeg\" class=\"vc_single_image-img attachment-full\" alt=\"\" loading=\"lazy\" srcset=\"http:\/\/cebi-es.com\/web\/wp-content\/uploads\/2026\/01\/NAcionalCebi.jpeg 2048w, http:\/\/cebi-es.com\/web\/wp-content\/uploads\/2026\/01\/NAcionalCebi-300x164.jpeg 300w, http:\/\/cebi-es.com\/web\/wp-content\/uploads\/2026\/01\/NAcionalCebi-1024x561.jpeg 1024w, http:\/\/cebi-es.com\/web\/wp-content\/uploads\/2026\/01\/NAcionalCebi-768x421.jpeg 768w, http:\/\/cebi-es.com\/web\/wp-content\/uploads\/2026\/01\/NAcionalCebi-1536x842.jpeg 1536w, http:\/\/cebi-es.com\/web\/wp-content\/uploads\/2026\/01\/NAcionalCebi-18x10.jpeg 18w, http:\/\/cebi-es.com\/web\/wp-content\/uploads\/2026\/01\/NAcionalCebi-600x329.jpeg 600w\" sizes=\"(max-width: 2048px) 100vw, 2048px\" \/><\/a>\n\t\t<\/figure>\n\t<\/div>\n<\/div><\/div><\/div><\/div><div data-row-text-color=\"dark\" style=\" \" class=\"vc_row wpb_row zolo_wpb_row vc_row-fluid apress_row_class_6126942369e955e3d69ad\"><div class=\"wpb_column vc_column_container vc_col-sm-12 apress_col_id_21640619169e955e3d6d90 hover_style_none\"><div class=\"layer vc_column-inner \"  ><div class=\"wpb_wrapper\">\n\t<div class=\"wpb_text_column wpb_content_element \" >\n\t\t<div class=\"wpb_wrapper\">\n\t\t\t<div class=\"xdj266r x11i5rnm xat24cr x1mh8g0r x1vvkbs x126k92a\">\n<div dir=\"auto\">\n<div class=\"xdj266r x14z9mp xat24cr x1lziwak x1vvkbs x126k92a\">\n<div dir=\"auto\">MONOGR\u00c1FICA NACIONAL 2026\u00a0 \u00a0&amp;\u00a0 BOY- BPOY- POY &#8211; JOY . VBOY<\/div>\n<div dir=\"auto\"><\/div>\n<\/div>\n<div class=\"x14z9mp xat24cr x1lziwak x1vvkbs xtlvy1s x126k92a\">\n<div dir=\"auto\">BPOY- POY &#8211; JOY &#8211; VBOY<\/div>\n<\/div>\n<div class=\"x14z9mp xat24cr x1lziwak x1vvkbs xtlvy1s x126k92a\">\n<div dir=\"auto\">Jueces:<\/div>\n<div dir=\"auto\">&#8211; Sra. Cristina Bosch<\/div>\n<div dir=\"auto\">&#8211; Sr. Jonathan Gallardo<\/div>\n<div dir=\"auto\">&#8211; Sra. Laura Hern\u00e1ndez<\/div>\n<\/div>\n<div class=\"x14z9mp xat24cr x1lziwak x1vvkbs xtlvy1s x126k92a\">\n<div dir=\"auto\"><\/div>\n<div dir=\"auto\">Monogr\u00e1fica Nacional la la Monogr\u00e1fica Nacional<\/div>\n<\/div>\n<div class=\"x14z9mp xat24cr x1lziwak x1vvkbs xtlvy1s x126k92a\">\n<div dir=\"auto\">Juez: Sr. Marino Talavante<\/div>\n<div dir=\"auto\"><\/div>\n<\/div>\n<div class=\"x14z9mp xat24cr x1lziwak x1vvkbs xtlvy1s x126k92a\">\n<div dir=\"auto\">BOY<\/div>\n<\/div>\n<div class=\"x14z9mp xat24cr x1lziwak x1vvkbs xtlvy1s x126k92a\">\n<div dir=\"auto\">Jueces:<\/div>\n<div dir=\"auto\">&#8211; Sr. Fran Alventosa<\/div>\n<div dir=\"auto\">&#8211; Sra. Victoria Eaton<\/div>\n<div dir=\"auto\">&#8211; Sra. Lorraine Watkins<\/div>\n<div dir=\"auto\"><\/div>\n<\/div>\n<\/div>\n<div dir=\"auto\">\n<div class=\"x11i5rnm xat24cr x1mh8g0r x1vvkbs xtlvy1s x126k92a\">\n<div dir=\"auto\">Lugar: Finca Las Buenas Costumbres ( Peguerinos &#8211; \u00c1vila)<\/div>\n<\/div>\n<div class=\"x11i5rnm xat24cr x1mh8g0r x1vvkbs xtlvy1s x126k92a\">\n<div dir=\"auto\">Fecha: 14-15 \/02\/2026<\/div>\n<\/div>\n<\/div>\n<div dir=\"auto\">\n<div dir=\"auto\">Inscripciones en Lanca: <span class=\"html-span xdj266r x14z9mp xat24cr x1lziwak xexx8yu xyri2b x18d9i69 x1c1uobl x1hl2dhg x16tdsg8 x1vvkbs\"><a class=\"x1i10hfl xjbqb8w x1ejq31n x18oe1m7 x1sy0etr xstzfhl x972fbf x10w94by x1qhh985 x14e42zd x9f619 x1ypdohk xt0psk2 x3ct3a4 xdj266r x14z9mp xat24cr x1lziwak xexx8yu xyri2b x18d9i69 x1c1uobl x16tdsg8 x1hl2dhg xggy1nq x1a2a7pz xkrqix3 x1sur9pj x1fey0fg x1s688f\" tabindex=\"0\" role=\"link\" href=\"https:\/\/l.facebook.com\/l.php?u=https%3A%2F%2Fwww.lanca.es%2F%3Fp%3D14834%26fbclid%3DIwZXh0bgNhZW0CMTAAYnJpZBEwazVYbG1iQUZCZFNJVTcwV3NydGMGYXBwX2lkEDIyMjAzOTE3ODgyMDA4OTIAAR7oCcs_AeUoapz0l34WbvZjJC0KZko62eO7mmTGJiBJwZ-wdb8FBue-Qkpr6g_aem_hWd2RC4yuVm1DHxWenHndQ&amp;h=AT1orcBl7QYrRi9aGKRCNBRweySjW4nEpLjIpWayqBYobuAn-ooLTHaO8SS_mJfIeOQOF0ESskwptjKhIIOh6MSboYvJ-VXUEEkrXjAs5f1gvF9eGxRp4zCWu6nxisbcE9f1nj_FdX3cvb1U&amp;__tn__=-UK-R&amp;c&#091;0&#093;=AT09_-flF1f90C5qqA6GU_wGxTnkoxYKffKacsrTLChaEAUIuMvZDWgtmYsoA_IZsNYkct-Y7o94qOLf6ewunc6P-W7aHsXgyKnhLYz4XdoJJkfFjcCZ16cBstEh6nDmAM6qk_HMQeC41pZk41-KNH2Cv_J7tapuB1DPNmZW89KdNcZ5uTokFxYCIThc5JFsvWfrRQNfhzI73vcfKo2IQE_gXw\" target=\"_blank\" rel=\"nofollow noopener\">https:\/\/www.lanca.es\/?p=14834<\/a><\/span><\/div>\n<div dir=\"auto\"><\/div>\n<\/div>\n<\/div>\n<div class=\"x11i5rnm xat24cr x1mh8g0r x1vvkbs xtlvy1s x126k92a\"><\/div>\n<div class=\"x11i5rnm xat24cr x1mh8g0r x1vvkbs xtlvy1s x126k92a\">\n<div dir=\"auto\"><\/div>\n<div dir=\"auto\"><\/div>\n<\/div>\n<div class=\"x11i5rnm xat24cr x1mh8g0r x1vvkbs xtlvy1s x126k92a\">\n<div dir=\"auto\"><\/div>\n<\/div>\n\n\t\t<\/div>\n\t<\/div>\n<\/div><\/div><\/div><\/div>\n","protected":false},"excerpt":{"rendered":"Pr\u00f3ximos Eventos MONOGR\u00c1FICA NACIONAL 2026\u00a0 \u00a0&amp;\u00a0 BOY- BPOY- POY - JOY . VBOY BPOY- POY - JOY - VBOY Jueces: - Sra. Cristina Bosch - Sr. Jonathan Gallardo - Sra. Laura Hern\u00e1ndez Monogr\u00e1fica Nacional la la Monogr\u00e1fica Nacional Juez: Sr.<span class=\"read_more_area\"><a class=\"read-more\" href=\"http:\/\/cebi-es.com\/web\/proximos-eventos\/\"> Continue Reading <\/a><\/span>","protected":false},"author":3,"featured_media":0,"parent":0,"menu_order":0,"comment_status":"closed","ping_status":"closed","template":"","meta":[],"_links":{"self":[{"href":"http:\/\/cebi-es.com\/web\/wp-json\/wp\/v2\/pages\/4489"}],"collection":[{"href":"http:\/\/cebi-es.com\/web\/wp-json\/wp\/v2\/pages"}],"about":[{"href":"http:\/\/cebi-es.com\/web\/wp-json\/wp\/v2\/types\/page"}],"author":[{"embeddable":true,"href":"http:\/\/cebi-es.com\/web\/wp-json\/wp\/v2\/users\/3"}],"replies":[{"embeddable":true,"href":"http:\/\/cebi-es.com\/web\/wp-json\/wp\/v2\/comments?post=4489"}],"version-history":[{"count":10,"href":"http:\/\/cebi-es.com\/web\/wp-json\/wp\/v2\/pages\/4489\/revisions"}],"predecessor-version":[{"id":4542,"href":"http:\/\/cebi-es.com\/web\/wp-json\/wp\/v2\/pages\/4489\/revisions\/4542"}],"wp:attachment":[{"href":"http:\/\/cebi-es.com\/web\/wp-json\/wp\/v2\/media?parent=4489"}],"curies":[{"name":"wp","href":"https:\/\/api.w.org\/{rel}","templated":true}]}}