{"id":3035,"date":"2019-08-25T19:10:18","date_gmt":"2019-08-25T17:10:18","guid":{"rendered":"http:\/\/cebi-es.com\/web\/?page_id=3035"},"modified":"2024-10-22T21:36:11","modified_gmt":"2024-10-22T19:36:11","slug":"salud","status":"publish","type":"page","link":"http:\/\/cebi-es.com\/web\/salud\/","title":{"rendered":"Salud"},"content":{"rendered":"<div data-row-text-color=\"dark\" style=\" \" class=\"vc_row wpb_row zolo_wpb_row vc_row-fluid apress_row_class_196254856369e490f0a7438\"><div class=\"wpb_column vc_column_container vc_col-sm-12 apress_col_id_194835886469e490f0a7aad hover_style_none\"><div class=\"layer vc_column-inner \"  ><div class=\"wpb_wrapper\"><div id=\"zolo_sep_13851417169e490f0a7c7a\" class=\"vc_separator wpb_content_element vc_separator_align_center vc_sep_width_70 vc_sep_border vc_sep_border_width_2 vc_sep_pos_align_center noanimation\" data-animation = \"No Animation\" data-delay = \"500\" ><span class=\"vc_sep_holder vc_sep_holder_l\"><span style=\"border-color:#701f6e\" class=\"vc_sep_line\"><\/span><\/span><h2 class=\"zolo-separator-title \" style=\"font-family:Arbutus Slab; font-weight:400; font-style:normal; font-size: 25px; color:#701f6e; letter-spacing: 2px; font-style:italic; font-weight:bold; \">RECONOCIMIENTO SALUD CEBI<\/h2><span class=\"vc_sep_holder vc_sep_holder_r\"><span style=\"border-color:#701f6e\" class=\"vc_sep_line\"><\/span><\/span>\r\n<\/div><\/div><\/div><\/div><\/div><div data-row-text-color=\"dark\" style=\" \" class=\"vc_row wpb_row zolo_wpb_row vc_row-fluid apress_row_class_32335048169e490f0a8cfa\"><div class=\"wpb_column vc_column_container vc_col-sm-12 apress_col_id_203347342969e490f0a8f8a hover_style_none\"><div class=\"layer vc_column-inner \"  ><div class=\"wpb_wrapper\">\n\t<div class=\"wpb_text_column wpb_content_element \" >\n\t\t<div class=\"wpb_wrapper\">\n\t\t\t<p>Desde el CEBI, sabiendo la preocupaci\u00f3n de todos los socios para mejorar nuestra raza, queremos premiar a aquellos ejemplares a los que se le realicen pruebas de salud para demostrar que no s\u00f3lo tenemos ejemplares que se ci\u00f1en al est\u00e1ndar \u00a0sino \u00a0tambi\u00e9n \u00a0sanos. \u00a0Premiaremos \u00a0con \u00a0medallas \u00a0de \u00a0bronce, \u00a0plata, \u00a0oro \u00a0y \u00a0platino \u00a0en \u00a0funci\u00f3n \u00a0de \u00a0las \u00a0pruebas realizadas que posteriormente detallaremos. El CEBI reconocer\u00e1 como ejemplares sanos en su p\u00e1gina y los recomendar\u00e1 como tales. Esperamos y deseamos la amplia participaci\u00f3n e implicaci\u00f3n de todos vosotros. Intentaremos progresar y mejorar, actualizando en la medida de lo posible todo lo relacionado con la salud.<\/p>\n<p>Las pruebas recomendadas por el CEBI son:<\/p>\n<ol>\n<li>Ecocardiograf\u00eda (con \u00a0ecocardio \u00a0Doppler, \u00a0certificando \u00a0ausencia \u00a0de \u00a0cardiopat\u00eda \u00a0cong\u00e9nita, ausencia de cardiopat\u00eda estructural y valvular).<\/li>\n<\/ol>\n<ol start=\"2\">\n<li>Prueba de ADN.<\/li>\n<li>Radiograf\u00edas de r\u00f3tulas (grado 0).<\/li>\n<li>Estudio tiroideo (certificado con anal\u00edtica).<\/li>\n<li>Radiograf\u00eda de tr\u00e1quea (ausencia de hipoplasia).<\/li>\n<li>Radiograf\u00edas de cadera (se aceptar\u00e1n A, B y C).<\/li>\n<li>Radiograf\u00edas de codos (grado 0,1).<\/li>\n<li>Ausencia de \u00a0problemas \u00a0oculares, \u00a0que \u00a0perjudiquen \u00a0la \u00a0salud \u00a0de \u00a0los \u00a0ejemplares \u00a0(entropi\u00f3n, ectropi\u00f3n, distiquiasis).<\/li>\n<\/ol>\n<ol start=\"9\">\n<li>Ausencia de retinopat\u00eda.<\/li>\n<li>Ausencia de narinas estrechas.<\/li>\n<li>Hiperuricosuria (HUU).<\/li>\n<li>Serolog\u00eda de Herpes virus (negativa).<\/li>\n<li>Test de esfuerzo (PAFB) realizado en el CEBI.<\/li>\n<li>Ausencia de cola o cola invertida ser\u00e1n penalizadas.<\/li>\n<\/ol>\n<p>En funci\u00f3n de las pruebas realizadas y de sus resultados se podr\u00e1 optar a:<\/p>\n<p>A) <strong><em>Medalla de bronce<\/em><\/strong>:<\/p>\n<ol>\n<li>Ecocardiograf\u00eda.<\/li>\n<li>ADN.<\/li>\n<li>Estudio tiroideo.<\/li>\n<li>Ausencia de problemas oculares.<\/li>\n<li>Ausencia de narinas estrechas.<\/li>\n<li>Ausencia de hipoplasia traqueal.<\/li>\n<li>HUU libre o portador.<\/li>\n<li>Serolog\u00eda Herpes virus negativa.<\/li>\n<li>PAFB \u00e1pto.<\/li>\n<li>Certificado veterinario de que el ejemplar no tiene ausencia de cola, ni cola invertida.<\/li>\n<\/ol>\n<p><strong><em>B)<\/em><\/strong><strong><em> Medalla de plata: <\/em><\/strong><\/p>\n<ol>\n<li>Ecocardiograf\u00eda.<\/li>\n<li>ADN.<\/li>\n<li>Estudio tiroideo.<\/li>\n<li>Ausencia de problemas oculares.<\/li>\n<li>Ausencia de retinopat\u00eda.<\/li>\n<li>Ausencia de narinas estrechas.<\/li>\n<li>Ausencia de hipoplasia traqueal.<\/li>\n<li>HUU libre o portador.<\/li>\n<li>Serolog\u00eda Herpes virus negativa.<\/li>\n<li>PAFB \u00e1pto.<\/li>\n<li>Certificado veterinario de que el ejemplar no tiene ausencia de cola, ni cola invertida.<\/li>\n<li>Rx de caderas. Grado C.<\/li>\n<\/ol>\n<p><strong><em>C)<\/em><\/strong><strong><em> Medalla de oro: <\/em><\/strong><\/p>\n<ol>\n<li>Ecocardiograf\u00eda.<\/li>\n<li>ADN.<\/li>\n<li>Estudio tiroideo.<\/li>\n<li>Ausencia de problemas oculares.<\/li>\n<li>Ausencia de retinopat\u00eda.<\/li>\n<li>Ausencia de narinas estrechas.<\/li>\n<li>HUU libre.<\/li>\n<li>Serolog\u00eda Herpes virus negativa.<\/li>\n<li>PAFB \u00e1pto.<\/li>\n<li>Ausencia de hipoplasia traqueal.<\/li>\n<li>Certificado veterinario de que el ejemplar no tiene ausencia de cola, ni cola invertida.<\/li>\n<li>Rx de caderas grado C\/B.<\/li>\n<li>Rx r\u00f3tulas grado 0.<\/li>\n<li>Rx Codo grado 0\/1.<\/li>\n<\/ol>\n<p><strong><em>D)<\/em><\/strong><strong><em> Medalla de platino: <\/em><\/strong><\/p>\n<ol>\n<li>Ecocardiograf\u00eda.<\/li>\n<li>ADN.<\/li>\n<li>Estudio tiroideo.<\/li>\n<li>Ausencia de problemas oculares.<\/li>\n<li>Ausencia de retinopat\u00eda. 6.\u00a0\u00a0\u00a0 Ausencia de narinas estrechas.<\/li>\n<li>HUU libre.<\/li>\n<li>Serolog\u00eda Herpes virus negativa.<\/li>\n<li>PAFB \u00e1pto.<\/li>\n<li>Ausencia de hipoplasia traqueal.<\/li>\n<li>Certificado veterinario de que el ejemplar no tiene ausencia de cola, ni cola invertida.<\/li>\n<li>Rx de caderas grados B\/A.<\/li>\n<li>Rx r\u00f3tulas grado 0.<\/li>\n<li>Rx Codos grado 0.<\/li>\n<li>Estar en posesi\u00f3n del t\u00edtulo de Campe\u00f3n de Espa\u00f1a.<\/li>\n<\/ol>\n<ul>\n<li>La ecocardiograf\u00eda ha de estar realizada por un Cardi\u00f3logo o en su defecto en un centro de radiodiagn\u00f3stico, con certificado oficial. La edad m\u00ednima para su realizaci\u00f3n es un a\u00f1o.<\/li>\n<li>La valoraci\u00f3n del grado de displasia de cadera\/codo se homologar\u00e1 a trav\u00e9s de AVEPA, AMVAC, SETOV o a trav\u00e9s de estos organismos por la RSCE. La edad m\u00ednima de la realizaci\u00f3n de las radiograf\u00edas es un a\u00f1o.<\/li>\n<li>La ausencia de retinopat\u00eda y ausencia de problemas oculares han de estar certificado de manera oficial por un oftalm\u00f3logo. La prueba ha de pasarse a partir de un a\u00f1o.<\/li>\n<li>Los ejemplares que opten al Top Bulldog y al Bulldog Of the Year (BOY) han de pasar con calificaci\u00f3n de APTO la prueba de actitud f\u00edsica del bulldog (PAFB), que consiste en una prueba de esfuerzo donde han de caminar 500 metros en menos de 6 minutos, valorando la respuesta antes, durante y despu\u00e9s de la prueba. La PAFB ser\u00e1 certificada por un veterinario tra\u00eddo por el CEBI, en el BOY, realiz\u00e1ndose dicha prueba el d\u00eda anterior.<\/li>\n<li>Se solicitar\u00e1 por parte de los socios el formulario de salud del CEBI, y se entregar\u00e1 debidamente cumplimentado y firmado de manera oficial al correo de la asesora de cr\u00eda: <u>Asesoradecria<\/u><a href=\"mailto:cebi@gmail.com\">.cebi@gmail.com<\/a>, junto con las pruebas realizadas.<\/li>\n<li>Desde el Club se est\u00e1 trabajando para poder proporcionar a los socios precios en diferentes centros veterinarios, para facilitar la realizaci\u00f3n de los ex\u00e1menes de salud recomendados por el club. Os haremos llegar m\u00e1s noticias con la mayor brevedad posible.<\/li>\n<\/ul>\n<p>Deseamos poder obtener una gran participaci\u00f3n de todos vosotros.<\/p>\n<p>Miriam Romero Correa, asesora de cr\u00eda CEBI.<\/p>\n<p>&nbsp;<\/p>\n<p>Un cordial saludo.<\/p>\n<p>&nbsp;<\/p>\n<p><img loading=\"lazy\" class=\"aligncenter wp-image-3120 size-full\" src=\"http:\/\/cebi-es.com\/web\/wp-content\/uploads\/2019\/08\/Screenshot_20190831-110835.png\" alt=\"\" width=\"1009\" height=\"1422\" srcset=\"http:\/\/cebi-es.com\/web\/wp-content\/uploads\/2019\/08\/Screenshot_20190831-110835.png 1009w, http:\/\/cebi-es.com\/web\/wp-content\/uploads\/2019\/08\/Screenshot_20190831-110835-213x300.png 213w, http:\/\/cebi-es.com\/web\/wp-content\/uploads\/2019\/08\/Screenshot_20190831-110835-768x1082.png 768w, http:\/\/cebi-es.com\/web\/wp-content\/uploads\/2019\/08\/Screenshot_20190831-110835-727x1024.png 727w, http:\/\/cebi-es.com\/web\/wp-content\/uploads\/2019\/08\/Screenshot_20190831-110835-600x846.png 600w\" sizes=\"(max-width: 1009px) 100vw, 1009px\" \/><img loading=\"lazy\" class=\"aligncenter wp-image-3121 size-full\" src=\"http:\/\/cebi-es.com\/web\/wp-content\/uploads\/2019\/08\/Screenshot_20190831-111137.png\" alt=\"\" width=\"1015\" height=\"1430\" srcset=\"http:\/\/cebi-es.com\/web\/wp-content\/uploads\/2019\/08\/Screenshot_20190831-111137.png 1015w, http:\/\/cebi-es.com\/web\/wp-content\/uploads\/2019\/08\/Screenshot_20190831-111137-213x300.png 213w, http:\/\/cebi-es.com\/web\/wp-content\/uploads\/2019\/08\/Screenshot_20190831-111137-768x1082.png 768w, http:\/\/cebi-es.com\/web\/wp-content\/uploads\/2019\/08\/Screenshot_20190831-111137-727x1024.png 727w, http:\/\/cebi-es.com\/web\/wp-content\/uploads\/2019\/08\/Screenshot_20190831-111137-600x845.png 600w\" sizes=\"(max-width: 1015px) 100vw, 1015px\" \/><\/p>\n\n\t\t<\/div>\n\t<\/div>\n<\/div><\/div><\/div><\/div>\n","protected":false},"excerpt":{"rendered":"RECONOCIMIENTO SALUD CEBI Desde el CEBI, sabiendo la preocupaci\u00f3n de todos los socios para mejorar nuestra raza, queremos premiar a aquellos ejemplares a los que se le realicen pruebas de salud para demostrar que no s\u00f3lo tenemos ejemplares que se<span class=\"read_more_area\"><a class=\"read-more\" href=\"http:\/\/cebi-es.com\/web\/salud\/\"> Continue Reading <\/a><\/span>","protected":false},"author":1,"featured_media":0,"parent":0,"menu_order":0,"comment_status":"closed","ping_status":"closed","template":"","meta":[],"_links":{"self":[{"href":"http:\/\/cebi-es.com\/web\/wp-json\/wp\/v2\/pages\/3035"}],"collection":[{"href":"http:\/\/cebi-es.com\/web\/wp-json\/wp\/v2\/pages"}],"about":[{"href":"http:\/\/cebi-es.com\/web\/wp-json\/wp\/v2\/types\/page"}],"author":[{"embeddable":true,"href":"http:\/\/cebi-es.com\/web\/wp-json\/wp\/v2\/users\/1"}],"replies":[{"embeddable":true,"href":"http:\/\/cebi-es.com\/web\/wp-json\/wp\/v2\/comments?post=3035"}],"version-history":[{"count":12,"href":"http:\/\/cebi-es.com\/web\/wp-json\/wp\/v2\/pages\/3035\/revisions"}],"predecessor-version":[{"id":4379,"href":"http:\/\/cebi-es.com\/web\/wp-json\/wp\/v2\/pages\/3035\/revisions\/4379"}],"wp:attachment":[{"href":"http:\/\/cebi-es.com\/web\/wp-json\/wp\/v2\/media?parent=3035"}],"curies":[{"name":"wp","href":"https:\/\/api.w.org\/{rel}","templated":true}]}}