{"id":1689,"date":"2019-05-04T00:33:40","date_gmt":"2019-05-03T22:33:40","guid":{"rendered":"http:\/\/cebi-es.com\/web\/?page_id=1689"},"modified":"2024-10-22T21:34:00","modified_gmt":"2024-10-22T19:34:00","slug":"estandar","status":"publish","type":"page","link":"http:\/\/cebi-es.com\/web\/estandar\/","title":{"rendered":"Estandar"},"content":{"rendered":"<div data-row-text-color=\"dark\" style=\" \" class=\"vc_row wpb_row zolo_wpb_row vc_row-fluid apress_row_class_155931101569db1f83f0fa4\"><div class=\"wpb_column vc_column_container vc_col-sm-12 apress_col_id_385711569db1f83f18c7 hover_style_none\"><div class=\"layer vc_column-inner \"  ><div class=\"wpb_wrapper\"><div id=\"zolo_sep_96066954169db1f83f1a9a\" class=\"vc_separator wpb_content_element vc_separator_align_center vc_sep_width_70 vc_sep_border vc_sep_border_width_2 vc_sep_pos_align_center noanimation\" data-animation = \"No Animation\" data-delay = \"500\" ><span class=\"vc_sep_holder vc_sep_holder_l\"><span style=\"border-color:#701f6e\" class=\"vc_sep_line\"><\/span><\/span><h2 class=\"zolo-separator-title \" style=\"font-family:Arbutus Slab; font-weight:400; font-style:normal; font-size: 25px; color:#99017a; letter-spacing: 2px; font-style:italic; font-weight:bold; \">ESTANDAR<\/h2><span class=\"vc_sep_holder vc_sep_holder_r\"><span style=\"border-color:#701f6e\" class=\"vc_sep_line\"><\/span><\/span>\r\n<\/div>\n\t<div  class=\"wpb_single_image wpb_content_element vc_align_center\">\n\t\t\n\t\t<figure class=\"wpb_wrapper vc_figure\">\n\t\t\t<div class=\"vc_single_image-wrapper   vc_box_border_grey\"><img width=\"810\" height=\"468\" src=\"http:\/\/cebi-es.com\/web\/wp-content\/uploads\/2019\/05\/estandard1.gif\" class=\"vc_single_image-img attachment-full\" alt=\"\" loading=\"lazy\" \/><\/div>\n\t\t<\/figure>\n\t<\/div>\n<\/div><\/div><\/div><\/div><div data-row-text-color=\"dark\" style=\" \" class=\"vc_row wpb_row zolo_wpb_row vc_row-fluid apress_row_class_44175700469db1f83f4005\"><div class=\"wpb_column vc_column_container vc_col-sm-12 apress_col_id_209882361969db1f8400092 hover_style_none\"><div class=\"layer vc_column-inner \"  ><div class=\"wpb_wrapper\">\n\t<div class=\"wpb_text_column wpb_content_element \" >\n\t\t<div class=\"wpb_wrapper\">\n\t\t\t<p><strong><u>ORIGEN<\/u><\/strong>: Gran Breta\u00f1a<\/p>\n<p><strong><u>FECHA DE PUBLICACI\u00d3N DEL EST\u00c1NDAR OFICIAL V\u00c1LIDO<\/u><\/strong> : 13.10.2010.<\/p>\n<p><strong><u>UTILIZACION<\/u><\/strong> : Perro de compa\u00f1\u00eda y de disuasi\u00f3n.<\/p>\n<p><strong><u>CLASIFICACI\u00d3N FCI<\/u><\/strong> : Grupo 2 Perros tipo Pinscher y Schnauzer &#8211; Molosoides y<\/p>\n<p>perros tipo de monta\u00f1a y boyeros suizos.<\/p>\n<p>Secci\u00f3n 2.1 Molosoides, tipo Dogo.<\/p>\n<p>Sin prueba de trabajo.<\/p>\n<p><strong><u>BREVE RESUMEN HIST\u00d3RICO<\/u>: <\/strong>El Bulldog, primero fue clasificado como tal en 1630 por su anterior menci\u00f3n de tipo similar referido a un Bulldog, t\u00e9rmino utilizado en la actualidad para los perros de pelea.<\/p>\n<p>Utilizado originalmente para la pelea con toros, el Bulldog pele\u00f3 su camino y a partir de 1835 comenz\u00f3 a desarrollarse en una versi\u00f3n de cara m\u00e1s corta y m\u00e1s rechoncho a lo que conocemos actualmente.<\/p>\n<p>Ingres\u00f3 en las pistas de exposici\u00f3n en 1860 y en los siguientes a\u00f1os mostr\u00f3 un gran cambio de personalidad. Un perro deliciosamente feo con expresi\u00f3n de pugilista que demuestra cari\u00f1o, de naturaleza afectiva hacia la familia y amigos. Una de las razas aut\u00f3ctonas m\u00e1s antiguas conocida como el Perro Nacional de Gran Breta\u00f1a y asociado a todo el mundo con determinaciones brit\u00e1nicas y el legendario John Bull.<\/p>\n<p><strong><u>ASPECTO GENERAL<\/u><\/strong> : Es un perro de pelo corto, <strong>algo<\/strong> pesado, m\u00e1s bien bajo en estatura, ancho, poderoso y compacto. Cabeza m\u00e1s bien grande en proporci\u00f3n a su tama\u00f1o, pero ninguna parte de su cuerpo debe tener un tama\u00f1o excesivo en relaci\u00f3n a las otras, rompiendo as\u00ed la simetr\u00eda general, haciendo ver al perro deforme o interfiriendo con su capacidad de movimiento. Cara <strong>relativamente<\/strong> corta, hocico ancho, romo e inclinado levemente hacia arriba <strong>aunque no muy excesivo<\/strong>. Perros mostrando problemas respiratorios son altamente indeseables. Cuerpo <strong>algo<\/strong> corto, de buena \u00a0estructura. Miembros fuertes, bien musculados y robustos <strong>sin tendencia a obesidad.<\/strong> Posterior alto y fuerte. Hembras no tan desarrolladas como los machos.<\/p>\n<p><strong><u>COMPORTAMIENTO \/ TEMPERAMENTO<\/u><\/strong> : Debe dar la impresi\u00f3n de determinaci\u00f3n, fuerza y actividad.<\/p>\n<p>Alerta, valiente, leal, dependiente, valeroso, feroz en apariencia, pero poseedor de una naturaleza afectiva.<\/p>\n<p><strong><u>CABEZA<\/u><\/strong>: Vista de lado, la cabeza se ve muy alta y<strong> moderadamente<\/strong> corta desde atr\u00e1s hasta la punta de la nariz. Frente plana con piel sobre y alrededor de la cabeza, <strong>levemente<\/strong> suelta y sutilmente arrugada <strong>sin excesos<\/strong> nunca prominente ni sobresaliendo de la cara. La cara, desde los huesos de la mejilla hasta<\/p>\n<p>la nariz, <strong>relativamente<\/strong> corta, con la piel <strong>que puede ser levemente<\/strong> arrugada. La distancia desde el \u00e1ngulo interior del ojo (o del centro de la depresi\u00f3n naso-frontal entre los ojos) al extremo de la punta de la nariz, no <strong>debe<\/strong> <strong>ser menor que la distancia<\/strong> de la punta de la nariz al borde del labio inferior.<\/p>\n<p><strong><u>REGI\u00d3N CRANEAL<\/u>:<\/strong><\/p>\n<p><u>Cr\u00e1neo<\/u>: Cr\u00e1neo <strong>relativamente<\/strong> grande en circunferencia. Visto de frente se ve alto desde el \u00e1ngulo de la mand\u00edbula inferior a la cima del cr\u00e1neo, tambi\u00e9n ancho y cuadrado. Desde el stop, un surco se extiende<\/p>\n<p>hasta la mitad del cr\u00e1neo, pudiendo seguir su trazo hasta el v\u00e9rtice.<\/p>\n<p><u>Depresi\u00f3n naso-frontal (Stop)<\/u>: <strong>Definida.<\/strong><\/p>\n<p><strong><u>REGI\u00d3N FACIAL<\/u>:<\/strong> Vista de frente, las varias propiedades de la cara, deben ser igualmente balanceadas<\/p>\n<p>hacia los dos lados de un l\u00ednea central imaginaria.<\/p>\n<p><u>Nariz<\/u> : Nariz y narinas grandes, ancha y negra, bajo ninguna circunstancia de color h\u00edgado, roja o marr\u00f3n.<\/p>\n<p>Narinas grandes anchas y abiertas, con una l\u00ednea bien definida, vertical y recta entremedio.<\/p>\n<p><u>Hocico<\/u> : Hocico corto, ancho, respingado, profundo desde el \u00e1ngulo del ojo hasta la comisura de los labios.<\/p>\n<p><strong>La arruga sobre la nariz, si est\u00e1 presente, completa o quebrada, nunca debe afectar negativamente u ocultar los ojos o nariz. Narinas estrechas y arruga pesada sobre la nariz son <\/strong><\/p>\n<p><strong>inaceptables y deben penalizarse severamente. <\/strong><\/p>\n<p><u>Labios<\/u> : Belfos gruesos, amplios, y profundos,<strong> cubriendo<\/strong> los lados de la mand\u00edbula inferior, <strong>pero <\/strong>uniendo el labio inferior en el frente. Dientes <strong>no visibles<\/strong>.<\/p>\n<p><u>Mand\u00edbulas y dientes<\/u>: Mand\u00edbulas anchas, <strong>fuertes<\/strong>, cuadradas, la mand\u00edbula inferior proyect\u00e1ndose <strong>levemente<\/strong> hacia adelante de la superior <strong>con una moderada inclinaci\u00f3n<\/strong> <strong>hacia arriba.<\/strong> Mand\u00edbulas anchas y cuadradas con seis peque\u00f1os dientes frontales entre los caninos, en una fila pareja. Los caninos bien separados entre s\u00ed, dientes grandes y fuertes que no deben ser vistos cuando la boca est\u00e9 cerrada. Cuando vista de frente la mand\u00edbula inferior se ve exactamente debajo de la superior y paralela a \u00e9sta.<\/p>\n<p><u>Mejillas<\/u> : Mejillas bien redondeadas y extendi\u00e9ndose lateralmente m\u00e1s all\u00e1 de los ojos.<\/p>\n<p><u>Ojos<\/u> : Vistos de frente, situados bajos en el cr\u00e1neo, bien separados de las orejas. Los ojos y la depresi\u00f3n naso-frontal est\u00e1n en una misma l\u00ednea recta, en \u00e1ngulo recto con el surco frontal. Bien separados, no obstante los \u00e1ngulos externos dentro de la l\u00ednea exterior de las mejillas. Redondos, tama\u00f1o moderado, ni hundidos ni prominentes, de color muy oscuro, casi negros, no mostrando el blanco cuando se miran directamente de frente. Libre de obvios problemas de ojos.<\/p>\n<p><u>Orejas<\/u> : De inserci\u00f3n alta, es decir que el borde delantero de cada oreja (vista de frente) toque el borde del cr\u00e1neo en su margen superior, de manera de que est\u00e9n lo m\u00e1s separadas entre s\u00ed, lo m\u00e1s altas y separadas de los ojos como sea posible. Peque\u00f1as y delgadas \u201corejas en forma de rosa\u201d es correcto, es decir que las arrugas internas caen hacia atr\u00e1s, el borde superior, frontal interno, curv\u00e1ndose hacia afuera y hacia atr\u00e1s, mostrando parte del interior del canal auricular.<\/p>\n<p>&nbsp;<\/p>\n<p><strong><u>CUELLO<\/u><\/strong> <strong>: <\/strong>De largo moderado, muy grueso, profundo y fuerte. Bien arqueado en la parte superior, <strong>con algo <\/strong>de piel suelta, gruesa y arrugada alrededor de la garganta formando una<strong> leve<\/strong> papada en cada costado.<\/p>\n<p>&nbsp;<\/p>\n<p><strong><u>CUERPO<\/u> : <\/strong><\/p>\n<p><u>L\u00ednea superior<\/u> : Cae levemente hacia la espalda detr\u00e1s de la punta de las esc\u00e1pulas (\u00e9sta es la parte m\u00e1s baja) desde donde la espina sube hasta el lomo (punto m\u00e1s alto que la cruz) curv\u00e1ndose nuevamente m\u00e1s repentinamente hacia la cola, formando un <strong>leve<\/strong> arco una caracter\u00edstica distintiva de la raza.<\/p>\n<p><u>Espalda<\/u> : Espalda corta, fuerte, ancha a la altura de las esc\u00e1pulas.<\/p>\n<p><u>Pecho<\/u> : Pecho ancho, prominente y profundo. Cuerpo con costillas bien definidas hacia atr\u00e1s. T\u00f3rax redondeado y profundo. Bien descendido entre las patas delanteras. <strong>Costilla<\/strong>s no siendo planas a los lados, bien redondeadas<\/p>\n<p><u>L\u00ednea inferior y vientre<\/u> : Abdomen retra\u00eddo y no colgante.<\/p>\n<p>&nbsp;<\/p>\n<p><strong><u>COLA<\/u> : <\/strong>De inserci\u00f3n baja, saliendo m\u00e1s bien derecha y luego volte\u00e1ndose hacia abajo. Redondeada, lisa y desprovista de fleco o de pelo duro. De largo moderado, m\u00e1s bien corta que larga, gruesa en la base, afin\u00e1ndose r\u00e1pidamente hacia una punta fina. Debe llevarla hacia abajo (sin tener una curva evidente hacia arriba en la punta) y nunca llevada sobre el nivel de la l\u00ednea superior. <strong>Ausencia de cola, colas invertidas o muy apretadas son indeseables.<\/strong><\/p>\n<p>&nbsp;<\/p>\n<p><strong><u>MIEMBROS<\/u><\/strong><\/p>\n<p><u>\u00a0<\/u><\/p>\n<p><u>MIEMBROS DELANTEROS<\/u> :<\/p>\n<p><u>Apariencia General<\/u>: Piernas delanteras cortas en proporci\u00f3n a las traseras, pero no tan cortas como para que la espalda parezca larga o como para entorpecer la actividad del perro.<\/p>\n<p><u>Hombros<\/u> : Hombros anchos con esc\u00e1pulas inclinadas y profundas, muy poderosos y musculados dando la apariencia de estar pegados al cuerpo.<\/p>\n<p><u>Codos<\/u> : Codos bajos y bien apartados de las costillas.<\/p>\n<p><u>Brazo<\/u>: Piernas delanteras muy fornidas y fuertes, bien desarrolladas, insertadas bien aparte, gruesas, musculosas y rectas, los huesos de las piernas son grandes y rectos, no combados o curvados.<\/p>\n<p><u>Metacarpos<\/u> : Metacarpos cortos, rectos y fuertes.<\/p>\n<p><u>Pies anteriores:<\/u> Rectos y vueltos muy levemente hacia fuera, de tama\u00f1o medio y moderadamente redondeados.<\/p>\n<p>Dedos compactos y gruesos, bien separados arriba, haciendo que los nudillos sean prominentes y altos.<\/p>\n<p>&nbsp;<\/p>\n<p><u>MIEMBROS POSTERIORES<\/u>:<\/p>\n<p><u>Apariencia General<\/u>: Piernas grandes y musculadas, en proporci\u00f3n <strong>levemente<\/strong> m\u00e1s largas que las delanteras. Piernas largas y musculadas desde el lomo hasta el corvej\u00f3n.<\/p>\n<p><u>Rodillas<\/u> : Rodillas vueltas <strong>muy<\/strong> levemente hacia fuera del cuerpo.<\/p>\n<p><u>Metatarso<\/u> : Metatarsos levemente inclinados y bien descendidos.<\/p>\n<p><u>Pies posteriores:<\/u> Redondos y compactos. Dedos compactos y gruesos, bien separados arriba, haciendo que los nudillos sean prominentes y altos.<\/p>\n<p><strong><u>MOVIMIENTO<\/u> :<\/strong> Caminando con pasos cortos y r\u00e1pidos sobre la punta de los dedos, los pies traseros no se levantan alto, pareciendo que rozan el piso, corriendo con uno u otro hombro relativamente avanzando. La solidez del movimiento es de suma importancia.<\/p>\n<p>&nbsp;<\/p>\n<p><strong><u>MANTO<\/u> : <\/strong><\/p>\n<p><u>Pelo<\/u> : De textura fina, corto, pegado y liso (duro solo por lo corto y pegado, no de alambre)<\/p>\n<p><strong><u>\u00a0<\/u><\/strong><\/p>\n<p><strong><u>COLOR<\/u><\/strong> : S\u00f3lido o tiznado, (es decir un solo color con hocico o m\u00e1scara negra). Unicolores (que deben ser brillantes y puros de su tipo) como atigrados, rojos en sus varios tonos, bayos, leonados etc., blancos y partidos (es decir la combinaci\u00f3n de blanco con cualquiera de los colores anteriormente mencionados) Color carne, negro y negro y fuego son altamente indeseables.<\/p>\n<p>&nbsp;<\/p>\n<p><strong><u>TAMA\u00d1O Y PESO<\/u><\/strong><\/p>\n<p>Machos: 25 kgs.<\/p>\n<p>Hembras: 23 kgs<\/p>\n<p><strong><u>\u00a0<\/u><\/strong><\/p>\n<p><strong><u>FALTAS<\/u> : <\/strong>Cualquier desviaci\u00f3n de los puntos antes mencionados debe ser considerada como falta y la seriedad con la que esta debe ser tomada debe estar en proporci\u00f3n exacta a su grado y sus efectos sobre la salud y el bienestar del perro.<\/p>\n<p>&nbsp;<\/p>\n<p><strong><u>FALTAS DESCALIFICANTES<\/u> : <\/strong><\/p>\n<p>Perro agresivo o temeroso.<\/p>\n<p>Cualquier perro mostrando anormalidades f\u00edsica o de comportamiento debe ser descalificado.<\/p>\n<p><strong><u>\u00a0<\/u><\/strong><\/p>\n<p><strong><u>NB<\/u><\/strong> : Los machos debe tener dos test\u00edculos aparentemente normales, completamente descendidos en el escroto.<\/p>\n\n\t\t<\/div>\n\t<\/div>\n<\/div><\/div><\/div><\/div>\n","protected":false},"excerpt":{"rendered":"ESTANDAR ORIGEN: Gran Breta\u00f1a FECHA DE PUBLICACI\u00d3N DEL EST\u00c1NDAR OFICIAL V\u00c1LIDO : 13.10.2010. UTILIZACION : Perro de compa\u00f1\u00eda y de disuasi\u00f3n. CLASIFICACI\u00d3N FCI : Grupo 2 Perros tipo Pinscher y Schnauzer - Molosoides y perros tipo de monta\u00f1a y boyeros<span class=\"read_more_area\"><a class=\"read-more\" href=\"http:\/\/cebi-es.com\/web\/estandar\/\"> Continue Reading <\/a><\/span>","protected":false},"author":1,"featured_media":0,"parent":0,"menu_order":0,"comment_status":"closed","ping_status":"closed","template":"","meta":[],"_links":{"self":[{"href":"http:\/\/cebi-es.com\/web\/wp-json\/wp\/v2\/pages\/1689"}],"collection":[{"href":"http:\/\/cebi-es.com\/web\/wp-json\/wp\/v2\/pages"}],"about":[{"href":"http:\/\/cebi-es.com\/web\/wp-json\/wp\/v2\/types\/page"}],"author":[{"embeddable":true,"href":"http:\/\/cebi-es.com\/web\/wp-json\/wp\/v2\/users\/1"}],"replies":[{"embeddable":true,"href":"http:\/\/cebi-es.com\/web\/wp-json\/wp\/v2\/comments?post=1689"}],"version-history":[{"count":7,"href":"http:\/\/cebi-es.com\/web\/wp-json\/wp\/v2\/pages\/1689\/revisions"}],"predecessor-version":[{"id":4378,"href":"http:\/\/cebi-es.com\/web\/wp-json\/wp\/v2\/pages\/1689\/revisions\/4378"}],"wp:attachment":[{"href":"http:\/\/cebi-es.com\/web\/wp-json\/wp\/v2\/media?parent=1689"}],"curies":[{"name":"wp","href":"https:\/\/api.w.org\/{rel}","templated":true}]}}