{"id":1360,"date":"2017-10-10T16:01:11","date_gmt":"2017-10-10T16:01:11","guid":{"rendered":"http:\/\/apressthemes.com\/demo35\/?page_id=1360"},"modified":"2024-10-24T19:20:19","modified_gmt":"2024-10-24T17:20:19","slug":"home-9","status":"publish","type":"page","link":"http:\/\/cebi-es.com\/web\/","title":{"rendered":"Home"},"content":{"rendered":"<div data-row-text-color=\"dark\" style=\" \" class=\"vc_row wpb_row zolo_wpb_row vc_row-fluid apress_row_class_70927064669eb85b1b3eb0\"><div class=\"wpb_column vc_column_container vc_col-sm-12 apress_col_id_154653242069eb85b1b44dc hover_style_none\"><div class=\"layer vc_column-inner \"  ><div class=\"wpb_wrapper\"><div class=\"vc_empty_space\"   style=\"height: 100px\" ><span class=\"vc_empty_space_inner\"><\/span><\/div>\n<div id=\"zolo_sep_63712624669eb85b1b4963\" class=\"vc_separator wpb_content_element vc_separator_align_center vc_sep_width_100 vc_sep_border vc_sep_border_width_2 vc_sep_pos_align_center noanimation\" data-animation = \"No Animation\" data-delay = \"500\" ><span class=\"vc_sep_holder vc_sep_holder_l\"><span style=\"border-color:#701f6e\" class=\"vc_sep_line\"><\/span><\/span><h2 class=\"zolo-separator-title \" style=\"font-family:Arbutus Slab; font-weight:400; font-style:normal; font-size: 25px; color:#99017a; letter-spacing: 2px; font-style:italic; font-weight:bold; \">\u00daLTIMAS NOTICIAS<\/h2><span class=\"vc_sep_holder vc_sep_holder_r\"><span style=\"border-color:#701f6e\" class=\"vc_sep_line\"><\/span><\/span>\r\n<\/div>\t\t<script type=\"text\/javascript\" charset=\"utf-8\">\r\n\t\t\tjQuery.noConflict();\r\n\t\t\tvar j$ = jQuery;\r\n\t\t\t\"use strict\";\r\n\t\t\tj$(window).load(function() {\r\n\t\t\tvar $container = j$(\".site-content.7hnzi44m44w4uijngujnlayoutstyle_normal\");\t\r\n\t\t\tvar $grid = $container.imagesLoaded( function() {\r\n\t\t\t\t\t\/\/ init Isotope\r\n\t\t\t\t\t$container.isotope({\r\n\t\t\t\t\t\/\/ options\r\n\t\t\t\t\t\titemSelector : '.grid-item',\r\n\t\t\t\t\t\tlayoutMode : 'fitRows'\r\n\t\t\t\t\t})\r\n\t\t\t\t});\r\n\t\t\t\t\/\/ filter functions\r\n\t\t\t\t  var filterFns = {\r\n\t\t\t\t\t\/\/ show if number is greater than 50\r\n\t\t\t\t\tnumberGreaterThan50: function() {\r\n\t\t\t\t\t  var number = j$(this).find('.number').text();\r\n\t\t\t\t\t  return parseInt( number, 10 ) > 50;\r\n\t\t\t\t\t},\r\n\t\t\t\t\t\/\/ show if name ends with -ium\r\n\t\t\t\t\tium: function() {\r\n\t\t\t\t\t  var name = j$(this).find('.name').text();\r\n\t\t\t\t\t  return name.match( \/ium$\/ );\r\n\t\t\t\t\t}\r\n\t\t\t\t  };\r\n\t\t\t\t  \/\/ bind filter button click\r\n\t\t\t\t  j$('.postfilter-7hnzi44m44w4uijngujn').on( 'click', 'button', function() {\r\n\t\t\t\t\tvar filterValue = j$( this ).attr('data-filter');\r\n\t\t\t\t\t\/\/ use filterFn if matches value\r\n\t\t\t\t\tfilterValue = filterFns[ filterValue ] || filterValue;\r\n\t\t\t\t\t$grid.isotope({ filter: filterValue });\r\n\t\t\t\t  });\r\n\t\t\t\t  \/\/ change is-checked class on buttons\r\n\t\t\t\t  j$('.postfilter-7hnzi44m44w4uijngujn').each( function( i, buttonGroup ) {\r\n\t\t\t\t\tvar $buttonGroup = j$( buttonGroup );\r\n\t\t\t\t\t$buttonGroup.on( 'click', 'button', function() {\r\n\t\t\t\t\t  $buttonGroup.find('.is-checked').removeClass('is-checked');\r\n\t\t\t\t\t  j$( this ).addClass('is-checked');\r\n\t\t\t\t\t});\r\n\t\t\t\t  });\t\t\t\t\r\n\t\t\t});\r\n\t\t<\/script>\r\n\t\t\t\t\r\n\t\t<!--Blog Row Start-->\r\n\t\t\r\n\t\t<div class=\"zolo_blog_area  zoloblogstyleacp_95014599969eb85b1b5525 zolo_blog_style5 zolo_blog_horizontal none \">\r\n\t\t\t\t\t\t  <div class=\"zolo_blog_row\" style=\"margin:0px -15px 0 -15px;\">\r\n\t\t\t\t\t\t\t\t\t<div class=\"zolo_row site-content 7hnzi44m44w4uijngujnlayoutstyle_normal\">\r\n\t\t\t  \t\t\t  \t\t\t  \t\t\t  \t\t\t  \t\t\t  \t\t\t  \t\t\t  \r\n\t\t\t  <!--Blog Box Area Start-->\r\n\t\t\t  <div class=\"zolo_blog_col zolo_blog_col2  grid-item  noanimation\" style=\"padding:15px 15px 15px 15px;\" data-animation=\"No Animation\" data-delay=\"500\">\r\n\t\t\t\t<div class=\"zolo_blog_box\"> <span class=\"zolo_blog_horizontal_box\">\r\n\t\t\t\t  <div class=\"zolo_blog_thumb\"> <a href=\"http:\/\/cebi-es.com\/web\/convocatoria-asamblea-ordinaria\/\">\r\n\t\t\t\t\t<img width=\"300\" height=\"300\" src=\"http:\/\/cebi-es.com\/web\/wp-content\/uploads\/2019\/08\/moneda_cebi-e1567595395638.png\" class=\"attachment-apcore_blogstyle_thumb size-apcore_blogstyle_thumb wp-post-image\" alt=\"\" loading=\"lazy\" \/>\t\t\t\t\t<\/a>\r\n\t\t\t\t\t\t\t\t\t\t<span class=\"zolo_blog_date\" style=\"background:#016797;\">\r\n\t\t\t\t\t5 Feb\t\t\t\t\t<\/span>\r\n\t\t\t\t\t\t\t\t\t  <\/div>\r\n\t\t\t\t  <div class=\"zolo_blog_detail\" style=\"border-color:;\">\r\n\t\t\t\t\t\t\t\t\t\t<h2 class=\"zolo_blog_title entry-title\" style=\"\"> <a href=\"http:\/\/cebi-es.com\/web\/convocatoria-asamblea-ordinaria\/\" style=\"color:#4c4c4c;\">\r\n\t\t\t\t\t  Convocatoria Asamblea General Ordinaria\t\t\t\t\t  <\/a> <\/h2>\r\n\t\t\t\t\t\t\t\t\t\t\t\t\t\t\t<div class=\"zolo_blog_description\" style=\"color:#4c4c4c; border-color:#e6e6e6; background:;\">\r\n\t\t\t\t\t  \t\t\t\t\t  \t\t\t\t\t  Fecha: 15 de Febrero de 2026 Hora: 9:30h en primera convocatoria y 10:00h en segunda convocatoria. Lugar: Presencial Finca Las\t\t\t\t\t<\/div>\r\n\t\t\t\t\t\t\t\t\t\t<span class=\"zolo_blog_meta\" style=\"color:#4c4c4c;\"> <span style=\"color:#016797;\">\r\n\t\t\t\t\t5 Feb 2026\t\t\t\t\t<\/span>&nbsp; \/ &nbsp;<span class=\"add-comment\"><a href=\"http:\/\/cebi-es.com\/web\/convocatoria-asamblea-ordinaria\/#hello\" style=\"color:#016797;\">\r\n\t\t\t\t\t0 Comment\t\t\t\t\t<\/a><\/span>&nbsp; \/ &nbsp;\r\n\t\t\t\t\t\t<span class=\"zilla_likes_box1\"> <a href=\"#\" class=\"zilla-likes\" id=\"zilla-likes-4546\" title=\"Like this\"><i class=\"fa fa-heart-o\"><\/i> <span class=\"zilla-likes-count\">0<\/span> <span class=\"zilla-likes-postfix\"><\/span><\/a>&nbsp; \/ &nbsp;<\/span>\t\t\t\t\t<a href=\"http:\/\/cebi-es.com\/web\/convocatoria-asamblea-ordinaria\/\" style=\"color:#016797;\">Read More<\/a> <\/span>\r\n\t\t\t\t\t\t\t\t\t  <\/div>\r\n\t\t\t\t  <\/span> <\/div>\r\n\t\t\t  <\/div>\r\n\t\t\t  <!--Blog Box Area End-->\r\n\t\t\t  \r\n\t\t\t  \t\t\t  \t\t\t  \t\t\t  \t\t\t  \t\t\t  \t\t\t  \t\t\t  \t\t\t                \r\n\t\t\t  \t\t\t  \t\t\t  \t\t\t  \t\t\t  \t\t\t  \t\t\t  \r\n\t\t\t  <!--Blog Box Area Start-->\r\n\t\t\t  <div class=\"zolo_blog_col zolo_blog_col2  grid-item  noanimation\" style=\"padding:15px 15px 15px 15px;\" data-animation=\"No Animation\" data-delay=\"500\">\r\n\t\t\t\t<div class=\"zolo_blog_box\"> <span class=\"zolo_blog_horizontal_box\">\r\n\t\t\t\t  <div class=\"zolo_blog_thumb\"> <a href=\"http:\/\/cebi-es.com\/web\/monografica-nacional-2026-boy-bpoy-poy-joy-voy\/\">\r\n\t\t\t\t\t<img width=\"700\" height=\"737\" src=\"http:\/\/cebi-es.com\/web\/wp-content\/uploads\/2026\/01\/NAcionalCebi-700x737.jpeg\" class=\"attachment-apcore_blogstyle_thumb size-apcore_blogstyle_thumb wp-post-image\" alt=\"\" loading=\"lazy\" \/>\t\t\t\t\t<\/a>\r\n\t\t\t\t\t\t\t\t\t\t<span class=\"zolo_blog_date\" style=\"background:#016797;\">\r\n\t\t\t\t\t12 Ene\t\t\t\t\t<\/span>\r\n\t\t\t\t\t\t\t\t\t  <\/div>\r\n\t\t\t\t  <div class=\"zolo_blog_detail\" style=\"border-color:;\">\r\n\t\t\t\t\t\t\t\t\t\t<h2 class=\"zolo_blog_title entry-title\" style=\"\"> <a href=\"http:\/\/cebi-es.com\/web\/monografica-nacional-2026-boy-bpoy-poy-joy-voy\/\" style=\"color:#4c4c4c;\">\r\n\t\t\t\t\t  Monogr\u00e1fica Nacional 2026 &#038; BOY- BPOY &#8211; POY- JOY-VOY\t\t\t\t\t  <\/a> <\/h2>\r\n\t\t\t\t\t\t\t\t\t\t\t\t\t\t\t<div class=\"zolo_blog_description\" style=\"color:#4c4c4c; border-color:#e6e6e6; background:;\">\r\n\t\t\t\t\t  \t\t\t\t\t  \t\t\t\t\t  Nos es grato anunciar , que el pr\u00f3ximo d\u00eda 14-15 de Febrero de 2026, se celebrar\u00e1 la Monogr\u00e1fica Nacional ,\t\t\t\t\t<\/div>\r\n\t\t\t\t\t\t\t\t\t\t<span class=\"zolo_blog_meta\" style=\"color:#4c4c4c;\"> <span style=\"color:#016797;\">\r\n\t\t\t\t\t12 Ene 2026\t\t\t\t\t<\/span>&nbsp; \/ &nbsp;<span class=\"add-comment\"><a href=\"http:\/\/cebi-es.com\/web\/monografica-nacional-2026-boy-bpoy-poy-joy-voy\/#hello\" style=\"color:#016797;\">\r\n\t\t\t\t\t0 Comment\t\t\t\t\t<\/a><\/span>&nbsp; \/ &nbsp;\r\n\t\t\t\t\t\t<span class=\"zilla_likes_box1\"> <a href=\"#\" class=\"zilla-likes\" id=\"zilla-likes-4530\" title=\"Like this\"><i class=\"fa fa-heart-o\"><\/i> <span class=\"zilla-likes-count\">0<\/span> <span class=\"zilla-likes-postfix\"><\/span><\/a>&nbsp; \/ &nbsp;<\/span>\t\t\t\t\t<a href=\"http:\/\/cebi-es.com\/web\/monografica-nacional-2026-boy-bpoy-poy-joy-voy\/\" style=\"color:#016797;\">Read More<\/a> <\/span>\r\n\t\t\t\t\t\t\t\t\t  <\/div>\r\n\t\t\t\t  <\/span> <\/div>\r\n\t\t\t  <\/div>\r\n\t\t\t  <!--Blog Box Area End-->\r\n\t\t\t  \r\n\t\t\t  \t\t\t  \t\t\t  \t\t\t  \t\t\t  \t\t\t  \t\t\t  \t\t\t  \t\t\t                \r\n\t\t\t  \t\t\t  \t\t\t  \t\t\t  \t\t\t  \t\t\t  \t\t\t  \r\n\t\t\t  <!--Blog Box Area Start-->\r\n\t\t\t  <div class=\"zolo_blog_col zolo_blog_col2  grid-item  noanimation\" style=\"padding:15px 15px 15px 15px;\" data-animation=\"No Animation\" data-delay=\"500\">\r\n\t\t\t\t<div class=\"zolo_blog_box\"> <span class=\"zolo_blog_horizontal_box\">\r\n\t\t\t\t  <div class=\"zolo_blog_thumb\"> <a href=\"http:\/\/cebi-es.com\/web\/convocatoria-de-asamblea-general-ordinaria\/\">\r\n\t\t\t\t\t<img width=\"300\" height=\"300\" src=\"http:\/\/cebi-es.com\/web\/wp-content\/uploads\/2019\/08\/moneda_cebi-e1567595395638.png\" class=\"attachment-apcore_blogstyle_thumb size-apcore_blogstyle_thumb wp-post-image\" alt=\"\" loading=\"lazy\" \/>\t\t\t\t\t<\/a>\r\n\t\t\t\t\t\t\t\t\t\t<span class=\"zolo_blog_date\" style=\"background:#016797;\">\r\n\t\t\t\t\t11 Oct\t\t\t\t\t<\/span>\r\n\t\t\t\t\t\t\t\t\t  <\/div>\r\n\t\t\t\t  <div class=\"zolo_blog_detail\" style=\"border-color:;\">\r\n\t\t\t\t\t\t\t\t\t\t<h2 class=\"zolo_blog_title entry-title\" style=\"\"> <a href=\"http:\/\/cebi-es.com\/web\/convocatoria-de-asamblea-general-ordinaria\/\" style=\"color:#4c4c4c;\">\r\n\t\t\t\t\t  Convocatoria de Asamblea General Ordinaria\t\t\t\t\t  <\/a> <\/h2>\r\n\t\t\t\t\t\t\t\t\t\t\t\t\t\t\t<div class=\"zolo_blog_description\" style=\"color:#4c4c4c; border-color:#e6e6e6; background:;\">\r\n\t\t\t\t\t  \t\t\t\t\t  \t\t\t\t\t  Fecha: 21 de Octubre de 2025 Hora: 19:00h en primera convocatoria y 19:30h en segunda convocatoria. Lugar: Telem\u00e1tica Plataforma Teams\t\t\t\t\t<\/div>\r\n\t\t\t\t\t\t\t\t\t\t<span class=\"zolo_blog_meta\" style=\"color:#4c4c4c;\"> <span style=\"color:#016797;\">\r\n\t\t\t\t\t11 Oct 2025\t\t\t\t\t<\/span>&nbsp; \/ &nbsp;<span class=\"add-comment\"><a href=\"http:\/\/cebi-es.com\/web\/convocatoria-de-asamblea-general-ordinaria\/#hello\" style=\"color:#016797;\">\r\n\t\t\t\t\t0 Comment\t\t\t\t\t<\/a><\/span>&nbsp; \/ &nbsp;\r\n\t\t\t\t\t\t<span class=\"zilla_likes_box1\"> <a href=\"#\" class=\"zilla-likes\" id=\"zilla-likes-4519\" title=\"Like this\"><i class=\"fa fa-heart-o\"><\/i> <span class=\"zilla-likes-count\">0<\/span> <span class=\"zilla-likes-postfix\"><\/span><\/a>&nbsp; \/ &nbsp;<\/span>\t\t\t\t\t<a href=\"http:\/\/cebi-es.com\/web\/convocatoria-de-asamblea-general-ordinaria\/\" style=\"color:#016797;\">Read More<\/a> <\/span>\r\n\t\t\t\t\t\t\t\t\t  <\/div>\r\n\t\t\t\t  <\/span> <\/div>\r\n\t\t\t  <\/div>\r\n\t\t\t  <!--Blog Box Area End-->\r\n\t\t\t  \r\n\t\t\t  \t\t\t  \t\t\t  \t\t\t  \t\t\t  \t\t\t  \t\t\t  \t\t\t  \t\t\t                \r\n\t\t\t  \t\t\t  \t\t\t  \t\t\t  \t\t\t  \t\t\t  \t\t\t  \r\n\t\t\t  <!--Blog Box Area Start-->\r\n\t\t\t  <div class=\"zolo_blog_col zolo_blog_col2 last grid-item  noanimation\" style=\"padding:15px 15px 15px 15px;\" data-animation=\"No Animation\" data-delay=\"500\">\r\n\t\t\t\t<div class=\"zolo_blog_box\"> <span class=\"zolo_blog_horizontal_box\">\r\n\t\t\t\t  <div class=\"zolo_blog_thumb\"> <a href=\"http:\/\/cebi-es.com\/web\/monografica-nacional-jerez-de-la-frontera-2025\/\">\r\n\t\t\t\t\t<img width=\"700\" height=\"737\" src=\"http:\/\/cebi-es.com\/web\/wp-content\/uploads\/2025\/09\/Cartel-Nacional-25-700x737.jpg\" class=\"attachment-apcore_blogstyle_thumb size-apcore_blogstyle_thumb wp-post-image\" alt=\"\" loading=\"lazy\" \/>\t\t\t\t\t<\/a>\r\n\t\t\t\t\t\t\t\t\t\t<span class=\"zolo_blog_date\" style=\"background:#016797;\">\r\n\t\t\t\t\t8 Sep\t\t\t\t\t<\/span>\r\n\t\t\t\t\t\t\t\t\t  <\/div>\r\n\t\t\t\t  <div class=\"zolo_blog_detail\" style=\"border-color:;\">\r\n\t\t\t\t\t\t\t\t\t\t<h2 class=\"zolo_blog_title entry-title\" style=\"\"> <a href=\"http:\/\/cebi-es.com\/web\/monografica-nacional-jerez-de-la-frontera-2025\/\" style=\"color:#4c4c4c;\">\r\n\t\t\t\t\t  Monogr\u00e1fica Nacional Jerez de la Frontera 2025\t\t\t\t\t  <\/a> <\/h2>\r\n\t\t\t\t\t\t\t\t\t\t\t\t\t\t\t<div class=\"zolo_blog_description\" style=\"color:#4c4c4c; border-color:#e6e6e6; background:;\">\r\n\t\t\t\t\t  \t\t\t\t\t  \t\t\t\t\t  Nos es grato anunciar , que el pr\u00f3ximo d\u00eda 1 de Noviembre de 2025, se celebrar\u00e1 la Monogr\u00e1fica Nacional Jerez\t\t\t\t\t<\/div>\r\n\t\t\t\t\t\t\t\t\t\t<span class=\"zolo_blog_meta\" style=\"color:#4c4c4c;\"> <span style=\"color:#016797;\">\r\n\t\t\t\t\t8 Sep 2025\t\t\t\t\t<\/span>&nbsp; \/ &nbsp;<span class=\"add-comment\"><a href=\"http:\/\/cebi-es.com\/web\/monografica-nacional-jerez-de-la-frontera-2025\/#hello\" style=\"color:#016797;\">\r\n\t\t\t\t\t0 Comment\t\t\t\t\t<\/a><\/span>&nbsp; \/ &nbsp;\r\n\t\t\t\t\t\t<span class=\"zilla_likes_box1\"> <a href=\"#\" class=\"zilla-likes\" id=\"zilla-likes-4514\" title=\"Like this\"><i class=\"fa fa-heart-o\"><\/i> <span class=\"zilla-likes-count\">0<\/span> <span class=\"zilla-likes-postfix\"><\/span><\/a>&nbsp; \/ &nbsp;<\/span>\t\t\t\t\t<a href=\"http:\/\/cebi-es.com\/web\/monografica-nacional-jerez-de-la-frontera-2025\/\" style=\"color:#016797;\">Read More<\/a> <\/span>\r\n\t\t\t\t\t\t\t\t\t  <\/div>\r\n\t\t\t\t  <\/span> <\/div>\r\n\t\t\t  <\/div>\r\n\t\t\t  <!--Blog Box Area End-->\r\n\t\t\t  \r\n\t\t\t  \t\t\t  \t\t\t  \t\t\t  \t\t\t  \t\t\t  \t\t\t  \t\t\t  \t\t\t                \r\n\t\t\t  \t\t\t  \t\t\t  \t\t\t  \t\t\t  \t\t\t  \t\t\t  \r\n\t\t\t  <!--Blog Box Area Start-->\r\n\t\t\t  <div class=\"zolo_blog_col zolo_blog_col2  grid-item  noanimation\" style=\"padding:15px 15px 15px 15px;\" data-animation=\"No Animation\" data-delay=\"500\">\r\n\t\t\t\t<div class=\"zolo_blog_box\"> <span class=\"zolo_blog_horizontal_box\">\r\n\t\t\t\t  <div class=\"zolo_blog_thumb\"> <a href=\"http:\/\/cebi-es.com\/web\/convocatoria-de-asamblea-general-extraordinaria-asamblea-general-ordinaria\/\">\r\n\t\t\t\t\t<img width=\"300\" height=\"300\" src=\"http:\/\/cebi-es.com\/web\/wp-content\/uploads\/2019\/08\/moneda_cebi-e1567595395638.png\" class=\"attachment-apcore_blogstyle_thumb size-apcore_blogstyle_thumb wp-post-image\" alt=\"\" loading=\"lazy\" \/>\t\t\t\t\t<\/a>\r\n\t\t\t\t\t\t\t\t\t\t<span class=\"zolo_blog_date\" style=\"background:#016797;\">\r\n\t\t\t\t\t12 Ene\t\t\t\t\t<\/span>\r\n\t\t\t\t\t\t\t\t\t  <\/div>\r\n\t\t\t\t  <div class=\"zolo_blog_detail\" style=\"border-color:;\">\r\n\t\t\t\t\t\t\t\t\t\t<h2 class=\"zolo_blog_title entry-title\" style=\"\"> <a href=\"http:\/\/cebi-es.com\/web\/convocatoria-de-asamblea-general-extraordinaria-asamblea-general-ordinaria\/\" style=\"color:#4c4c4c;\">\r\n\t\t\t\t\t  CONVOCATORIA DE ASAMBLEA GENERAL EXTRAORDINARIA &#8211; ASAMBLEA GENERAL ORDINARIA\t\t\t\t\t  <\/a> <\/h2>\r\n\t\t\t\t\t\t\t\t\t\t\t\t\t\t\t<div class=\"zolo_blog_description\" style=\"color:#4c4c4c; border-color:#e6e6e6; background:;\">\r\n\t\t\t\t\t  \t\t\t\t\t  \t\t\t\t\t  Fecha: 20 de Enero de 2025 Hora: 19:00h en primera convocatoria y 19:30h en segunda convocatoria. Lugar: Telem\u00e1tica Plataforma Teams\t\t\t\t\t<\/div>\r\n\t\t\t\t\t\t\t\t\t\t<span class=\"zolo_blog_meta\" style=\"color:#4c4c4c;\"> <span style=\"color:#016797;\">\r\n\t\t\t\t\t12 Ene 2025\t\t\t\t\t<\/span>&nbsp; \/ &nbsp;<span class=\"add-comment\"><a href=\"http:\/\/cebi-es.com\/web\/convocatoria-de-asamblea-general-extraordinaria-asamblea-general-ordinaria\/#hello\" style=\"color:#016797;\">\r\n\t\t\t\t\t0 Comment\t\t\t\t\t<\/a><\/span>&nbsp; \/ &nbsp;\r\n\t\t\t\t\t\t<span class=\"zilla_likes_box1\"> <a href=\"#\" class=\"zilla-likes\" id=\"zilla-likes-4504\" title=\"Like this\"><i class=\"fa fa-heart-o\"><\/i> <span class=\"zilla-likes-count\">0<\/span> <span class=\"zilla-likes-postfix\"><\/span><\/a>&nbsp; \/ &nbsp;<\/span>\t\t\t\t\t<a href=\"http:\/\/cebi-es.com\/web\/convocatoria-de-asamblea-general-extraordinaria-asamblea-general-ordinaria\/\" style=\"color:#016797;\">Read More<\/a> <\/span>\r\n\t\t\t\t\t\t\t\t\t  <\/div>\r\n\t\t\t\t  <\/span> <\/div>\r\n\t\t\t  <\/div>\r\n\t\t\t  <!--Blog Box Area End-->\r\n\t\t\t  \r\n\t\t\t  \t\t\t  \t\t\t  \t\t\t  \t\t\t  \t\t\t  \t\t\t  \t\t\t  \t\t\t                \r\n\t\t\t  \t\t\t  \t\t\t  \t\t\t  \t\t\t  \t\t\t  \t\t\t  \r\n\t\t\t  <!--Blog Box Area Start-->\r\n\t\t\t  <div class=\"zolo_blog_col zolo_blog_col2  grid-item  noanimation\" style=\"padding:15px 15px 15px 15px;\" data-animation=\"No Animation\" data-delay=\"500\">\r\n\t\t\t\t<div class=\"zolo_blog_box\"> <span class=\"zolo_blog_horizontal_box\">\r\n\t\t\t\t  <div class=\"zolo_blog_thumb\"> <a href=\"http:\/\/cebi-es.com\/web\/convocatoria-de-asamblea-general-extraordinaria\/\">\r\n\t\t\t\t\t<img width=\"300\" height=\"300\" src=\"http:\/\/cebi-es.com\/web\/wp-content\/uploads\/2019\/08\/moneda_cebi-e1567595395638.png\" class=\"attachment-apcore_blogstyle_thumb size-apcore_blogstyle_thumb wp-post-image\" alt=\"\" loading=\"lazy\" \/>\t\t\t\t\t<\/a>\r\n\t\t\t\t\t\t\t\t\t\t<span class=\"zolo_blog_date\" style=\"background:#016797;\">\r\n\t\t\t\t\t28 Oct\t\t\t\t\t<\/span>\r\n\t\t\t\t\t\t\t\t\t  <\/div>\r\n\t\t\t\t  <div class=\"zolo_blog_detail\" style=\"border-color:;\">\r\n\t\t\t\t\t\t\t\t\t\t<h2 class=\"zolo_blog_title entry-title\" style=\"\"> <a href=\"http:\/\/cebi-es.com\/web\/convocatoria-de-asamblea-general-extraordinaria\/\" style=\"color:#4c4c4c;\">\r\n\t\t\t\t\t  CONVOCATORIA DE ASAMBLEA GENERAL EXTRAORDINARIA &#8211; ELECCIONES JUNTA DIRECTIVA\t\t\t\t\t  <\/a> <\/h2>\r\n\t\t\t\t\t\t\t\t\t\t\t\t\t\t\t<div class=\"zolo_blog_description\" style=\"color:#4c4c4c; border-color:#e6e6e6; background:;\">\r\n\t\t\t\t\t  \t\t\t\t\t  \t\t\t\t\t  Fecha: 7 de diciembre de 2024 Hora: 14:00 en primera convocatoria y 14:30 en segunda de convocatoria. Lugar : Feria\t\t\t\t\t<\/div>\r\n\t\t\t\t\t\t\t\t\t\t<span class=\"zolo_blog_meta\" style=\"color:#4c4c4c;\"> <span style=\"color:#016797;\">\r\n\t\t\t\t\t28 Oct 2024\t\t\t\t\t<\/span>&nbsp; \/ &nbsp;<span class=\"add-comment\"><a href=\"http:\/\/cebi-es.com\/web\/convocatoria-de-asamblea-general-extraordinaria\/#hello\" style=\"color:#016797;\">\r\n\t\t\t\t\t0 Comment\t\t\t\t\t<\/a><\/span>&nbsp; \/ &nbsp;\r\n\t\t\t\t\t\t<span class=\"zilla_likes_box1\"> <a href=\"#\" class=\"zilla-likes\" id=\"zilla-likes-4477\" title=\"Like this\"><i class=\"fa fa-heart-o\"><\/i> <span class=\"zilla-likes-count\">0<\/span> <span class=\"zilla-likes-postfix\"><\/span><\/a>&nbsp; \/ &nbsp;<\/span>\t\t\t\t\t<a href=\"http:\/\/cebi-es.com\/web\/convocatoria-de-asamblea-general-extraordinaria\/\" style=\"color:#016797;\">Read More<\/a> <\/span>\r\n\t\t\t\t\t\t\t\t\t  <\/div>\r\n\t\t\t\t  <\/span> <\/div>\r\n\t\t\t  <\/div>\r\n\t\t\t  <!--Blog Box Area End-->\r\n\t\t\t  \r\n\t\t\t  \t\t\t  \t\t\t  \t\t\t  \t\t\t  \t\t\t  \t\t\t  \t\t\t  \t\t\t                \r\n\t\t\t  \t\t\t<\/div>\r\n\t\t  <\/div>\r\n\t\t  <!-- .navigation -->\r\n\t\t  \r\n\t\t  \t\t  \r\n\t\t  <!-- .navigation END --> \r\n\t\t<\/div>\r\n\r\n<\/div><\/div><\/div><\/div><div data-row-text-color=\"dark\" style=\" \" class=\"vc_row wpb_row zolo_wpb_row vc_row-fluid apress_row_class_148346221969eb85b1ba707\"><div class=\"wpb_column vc_column_container vc_col-sm-12 apress_col_id_183416640169eb85b1ba970 hover_style_none\"><div class=\"layer vc_column-inner \"  ><div class=\"wpb_wrapper\"><div class=\"vc_empty_space\"   style=\"height: 100px\" ><span class=\"vc_empty_space_inner\"><\/span><\/div>\n<\/div><\/div><\/div><\/div>\n","protected":false},"excerpt":{"rendered":"Fecha: 7 de diciembre de 2024 Hora: 14:00 en primera convocatoria y 14:30 en segunda de convocatoria. Lugar : Feria de Alicante 2024_10_29_Asamblea_General_Extraordinaria_Elecciones_2023Descarga","protected":false},"author":1,"featured_media":0,"parent":0,"menu_order":0,"comment_status":"closed","ping_status":"closed","template":"","meta":[],"_links":{"self":[{"href":"http:\/\/cebi-es.com\/web\/wp-json\/wp\/v2\/pages\/1360"}],"collection":[{"href":"http:\/\/cebi-es.com\/web\/wp-json\/wp\/v2\/pages"}],"about":[{"href":"http:\/\/cebi-es.com\/web\/wp-json\/wp\/v2\/types\/page"}],"author":[{"embeddable":true,"href":"http:\/\/cebi-es.com\/web\/wp-json\/wp\/v2\/users\/1"}],"replies":[{"embeddable":true,"href":"http:\/\/cebi-es.com\/web\/wp-json\/wp\/v2\/comments?post=1360"}],"version-history":[{"count":55,"href":"http:\/\/cebi-es.com\/web\/wp-json\/wp\/v2\/pages\/1360\/revisions"}],"predecessor-version":[{"id":4447,"href":"http:\/\/cebi-es.com\/web\/wp-json\/wp\/v2\/pages\/1360\/revisions\/4447"}],"wp:attachment":[{"href":"http:\/\/cebi-es.com\/web\/wp-json\/wp\/v2\/media?parent=1360"}],"curies":[{"name":"wp","href":"https:\/\/api.w.org\/{rel}","templated":true}]}}